{"id":643,"date":"2025-02-15T20:45:00","date_gmt":"2025-02-15T20:45:00","guid":{"rendered":"https:\/\/paolaundrobin.website\/?page_id=643"},"modified":"2025-02-15T22:16:40","modified_gmt":"2025-02-15T22:16:40","slug":"frequently-asked-questions","status":"publish","type":"page","link":"https:\/\/paolaundrobin.website\/de\/frequently-asked-questions\/","title":{"rendered":"H\u00e4ufig gestellte Fragen"},"content":{"rendered":"<div class=\"wp-block-group has-background is-layout-constrained wp-block-group-is-layout-constrained\" style=\"background-color:#f6f6f6\">\n<h2 class=\"wp-block-heading\">Bevor Sie Ihre Buchung vornehmen<\/h2>\n\n\n\n<p><strong>Ist der Transfer privat oder wird er mit anderen Fahrg\u00e4sten geteilt?<\/strong><br>Alle unsere Transfers sind privat, und Ihre Gruppe wird die einzigen Passagiere sein.<\/p>\n\n\n\n<p><strong>Werde ich direkt bei meinem Hotel oder meiner Privatunterkunft abgesetzt und abgeholt?<\/strong><br>Bei allen privaten Transfers bringt Sie der Fahrer direkt zu Ihrem Hotel oder zu der in Ihrer Buchung angegebenen Adresse.<\/p>\n\n\n\n<p><strong>Wie viel Gep\u00e4ck kann ich mitnehmen?<\/strong><br>Pro Person sind eine Tasche oder ein Koffer und ein kleines Handgep\u00e4ckst\u00fcck erlaubt.<\/p>\n\n\n\n<p><strong>Wie kann ich zus\u00e4tzliches Gep\u00e4ck oder Sportausr\u00fcstung mitnehmen?<\/strong><br>Bei der Reservierung k\u00f6nnen Sie gegen einen Aufpreis zus\u00e4tzliches Gep\u00e4ck oder Sportger\u00e4te hinzuf\u00fcgen.<\/p>\n\n\n\n<p><strong>K\u00f6nnen Sie Kindersitze liefern?<\/strong><br>F\u00fcr die meisten Fahrzeuge k\u00f6nnen wir Kindersitze bereitstellen. Sie k\u00f6nnen sie bei Ihrer Reservierung hinzuf\u00fcgen, obwohl daf\u00fcr zus\u00e4tzliche Kosten anfallen k\u00f6nnen.<\/p>\n\n\n\n<p><strong>K\u00f6nnen wir einen faltbaren Rollstuhl in das Fahrzeug mitnehmen?<\/strong><br>F\u00fcr einen Faltrollstuhl berechnen wir keinen Aufpreis, aber Sie m\u00fcssen bei Ihrer Reservierung angeben, dass Sie einen solchen mitbringen.<\/p>\n\n\n\n<p><strong>Berechnen Sie zus\u00e4tzliche Geb\u00fchren f\u00fcr Zahlungen per Kreditkarte?<\/strong><br>Es fallen keine zus\u00e4tzlichen Geb\u00fchren f\u00fcr Kreditkartenzahlungen an.<\/p>\n\n\n\n<p><strong>Wann sollte ich buchen?<\/strong><br>Sie k\u00f6nnen bis zu 24 Stunden vor der Reise online buchen. F\u00fcr Last-Minute-Buchungen (weniger als 24 Stunden vor dem Transfer), rufen Sie bitte unser Callcenter an.<\/p>\n\n\n\n<p><strong>COVID-19 Annullierungen von Pandemien<\/strong><\/p>\n\n\n\n<p>Transfers canceled during the COVID-19 pandemic will be exchanged for credit for use in subsequent months or years. There are no refunds during the pandemic.<\/p>\n\n\n\n<p><strong>Vor Ihrem Urlaub<\/strong><\/p>\n\n\n\n<p><strong>Was muss ich dem Fahrer\/Vertreter am Flughafen\/Resort zeigen?<\/strong><br>Sie m\u00fcssen f\u00fcr jede Strecke eine ausgedruckte Kopie des Buchungsbelegs mitbringen. Der Fahrer beh\u00e4lt eine Kopie, also stellen Sie bitte sicher, dass Sie zwei haben.<\/p>\n\n\n\n<p><strong>Wo finde ich den Fahrer?<\/strong><br>Normalerweise finden Sie den Fahrer in der Ankunftshalle, nachdem Sie Ihr Gep\u00e4ck abgeholt haben, mit einem Schild, auf dem der in Ihrer Buchung angegebene Name steht. Wenn es einen besonderen Treffpunkt gibt, wird dieser auf Ihrem Voucher angegeben.<\/p>\n\n\n\n<p>Bei der Abfahrt wird der Fahrer Sie an der Rezeption abholen. Wenn Sie an einer Privatadresse sind, warten Sie bitte drau\u00dfen, damit der Fahrer Sie sehen kann.<\/p>\n\n\n\n<p><strong>Was soll ich tun, wenn ich den Treiber nicht finden kann?<\/strong><br>Rufen Sie bitte unsere Kundendienstnummer an, die auf Ihrem Gutschein angegeben ist.<\/p>\n\n\n\n<p><strong>Wenn sich mein Flug versp\u00e4tet?<\/strong><br>Wir \u00fcberwachen den Status Ihres Fluges, um sicherzustellen, dass wir Sie p\u00fcnktlich abholen. Sollten sich wesentliche \u00c4nderungen oder Versp\u00e4tungen ergeben, rufen Sie bitte unser Callcenter an, um uns zu informieren.<\/p>\n\n\n\n<p><strong>Was ist, wenn ich den Buchungsgutschein nicht erhalte?<\/strong><br>Normalerweise erhalten Sie den Gutschein kurz nach der Zahlung. Wenn Sie ihn nicht erhalten haben, senden Sie uns bitte eine E-Mail und wir werden den Gutschein erneut versenden.<\/p>\n\n\n\n<p><strong>Nach Ihrem Urlaub<\/strong><\/p>\n\n\n\n<p><strong>Wo kann ich meine Kommentare oder Vorschl\u00e4ge abgeben?<\/strong><br>Sie k\u00f6nnen uns Ihre Kommentare oder Vorschl\u00e4ge \u00fcber unser Kontaktformular zukommen lassen.<\/p>\n<\/div>","protected":false},"excerpt":{"rendered":"<p>Before making your booking Is the transfer private or shared with other passengers?All our transfers are private, and your group [&hellip;]<\/p>","protected":false},"author":1,"featured_media":0,"parent":0,"menu_order":0,"comment_status":"closed","ping_status":"closed","template":"","meta":{"site-sidebar-layout":"no-sidebar","site-content-layout":"","ast-site-content-layout":"narrow-width-container","site-content-style":"default","site-sidebar-style":"default","ast-global-header-display":"","ast-banner-title-visibility":"","ast-main-header-display":"","ast-hfb-above-header-display":"","ast-hfb-below-header-display":"","ast-hfb-mobile-header-display":"","site-post-title":"","ast-breadcrumbs-content":"","ast-featured-img":"","footer-sml-layout":"","theme-transparent-header-meta":"","adv-header-id-meta":"","stick-header-meta":"","header-above-stick-meta":"","header-main-stick-meta":"","header-below-stick-meta":"","astra-migrate-meta-layouts":"default","ast-page-background-enabled":"default","ast-page-background-meta":{"desktop":{"background-color":"var(--ast-global-color-5)","background-image":"","background-repeat":"repeat","background-position":"center center","background-size":"auto","background-attachment":"scroll","background-type":"","background-media":"","overlay-type":"","overlay-color":"","overlay-opacity":"","overlay-gradient":""},"tablet":{"background-color":"","background-image":"","background-repeat":"repeat","background-position":"center center","background-size":"auto","background-attachment":"scroll","background-type":"","background-media":"","overlay-type":"","overlay-color":"","overlay-opacity":"","overlay-gradient":""},"mobile":{"background-color":"","background-image":"","background-repeat":"repeat","background-position":"center center","background-size":"auto","background-attachment":"scroll","background-type":"","background-media":"","overlay-type":"","overlay-color":"","overlay-opacity":"","overlay-gradient":""}},"ast-content-background-meta":{"desktop":{"background-color":"var(--ast-global-color-4)","background-image":"","background-repeat":"repeat","background-position":"center center","background-size":"auto","background-attachment":"scroll","background-type":"","background-media":"","overlay-type":"","overlay-color":"","overlay-opacity":"","overlay-gradient":""},"tablet":{"background-color":"var(--ast-global-color-4)","background-image":"","background-repeat":"repeat","background-position":"center center","background-size":"auto","background-attachment":"scroll","background-type":"","background-media":"","overlay-type":"","overlay-color":"","overlay-opacity":"","overlay-gradient":""},"mobile":{"background-color":"var(--ast-global-color-4)","background-image":"","background-repeat":"repeat","background-position":"center center","background-size":"auto","background-attachment":"scroll","background-type":"","background-media":"","overlay-type":"","overlay-color":"","overlay-opacity":"","overlay-gradient":""}},"footnotes":""},"class_list":["post-643","page","type-page","status-publish","hentry"],"_links":{"self":[{"href":"https:\/\/paolaundrobin.website\/de\/wp-json\/wp\/v2\/pages\/643","targetHints":{"allow":["GET"]}}],"collection":[{"href":"https:\/\/paolaundrobin.website\/de\/wp-json\/wp\/v2\/pages"}],"about":[{"href":"https:\/\/paolaundrobin.website\/de\/wp-json\/wp\/v2\/types\/page"}],"author":[{"embeddable":true,"href":"https:\/\/paolaundrobin.website\/de\/wp-json\/wp\/v2\/users\/1"}],"replies":[{"embeddable":true,"href":"https:\/\/paolaundrobin.website\/de\/wp-json\/wp\/v2\/comments?post=643"}],"version-history":[{"count":4,"href":"https:\/\/paolaundrobin.website\/de\/wp-json\/wp\/v2\/pages\/643\/revisions"}],"predecessor-version":[{"id":765,"href":"https:\/\/paolaundrobin.website\/de\/wp-json\/wp\/v2\/pages\/643\/revisions\/765"}],"wp:attachment":[{"href":"https:\/\/paolaundrobin.website\/de\/wp-json\/wp\/v2\/media?parent=643"}],"curies":[{"name":"wp","href":"https:\/\/api.w.org\/{rel}","templated":true}]}}